{"id":14587,"date":"2017-03-22T13:30:37","date_gmt":"2017-03-22T12:30:37","guid":{"rendered":"https:\/\/www.hedson.com\/industrial-solutions\/systemintegration\/highlow-temp-rail-systems\/"},"modified":"2024-04-30T10:41:10","modified_gmt":"2024-04-30T08:41:10","slug":"irt-skensystem","status":"publish","type":"page","link":"https:\/\/www.hedson.com\/sv\/industrial-solutions\/systemintegration\/irt-skensystem\/","title":{"rendered":"IRT skensystem"},"content":{"rendered":"","protected":false},"excerpt":{"rendered":"","protected":false},"author":437,"featured_media":0,"parent":14573,"menu_order":0,"comment_status":"closed","ping_status":"closed","template":"","meta":{"_acf_changed":false,"footnotes":""},"class_list":["post-14587","page","type-page","status-publish","hentry"],"acf":[],"yoast_head":"<!-- This site is optimized with the Yoast SEO plugin v23.4 - https:\/\/yoast.com\/wordpress\/plugins\/seo\/ -->\n<title>IRT skensystem - Hedson<\/title>\n<meta name=\"description\" content=\"IRT-torkar i skensystem \u00e4r v\u00e4gg- och takinstallationer f\u00f6r prepstationer och sprutboxar med IR- och\/eller UV-A-\u00e5tkomst fr\u00e5n alla vinklar.\" \/>\n<meta name=\"robots\" content=\"index, follow, max-snippet:-1, max-image-preview:large, max-video-preview:-1\" \/>\n<link rel=\"canonical\" href=\"https:\/\/www.hedson.com\/sv\/industrial-solutions\/systemintegration\/irt-skensystem\/\" \/>\n<meta property=\"og:locale\" content=\"sv_SE\" \/>\n<meta property=\"og:type\" content=\"article\" \/>\n<meta property=\"og:title\" content=\"IRT skensystem - Hedson\" \/>\n<meta property=\"og:description\" content=\"IRT-torkar i skensystem \u00e4r v\u00e4gg- och takinstallationer f\u00f6r prepstationer och sprutboxar med IR- och\/eller UV-A-\u00e5tkomst fr\u00e5n alla vinklar.\" \/>\n<meta property=\"og:url\" content=\"https:\/\/www.hedson.com\/sv\/industrial-solutions\/systemintegration\/irt-skensystem\/\" \/>\n<meta property=\"og:site_name\" content=\"Hedson\" \/>\n<meta property=\"article:modified_time\" content=\"2024-04-30T08:41:10+00:00\" \/>\n<meta name=\"twitter:card\" content=\"summary_large_image\" \/>\n<script type=\"application\/ld+json\" class=\"yoast-schema-graph\">{\"@context\":\"https:\/\/schema.org\",\"@graph\":[{\"@type\":\"WebPage\",\"@id\":\"https:\/\/www.hedson.com\/sv\/industrial-solutions\/systemintegration\/irt-skensystem\/\",\"url\":\"https:\/\/www.hedson.com\/sv\/industrial-solutions\/systemintegration\/irt-skensystem\/\",\"name\":\"IRT skensystem - Hedson\",\"isPartOf\":{\"@id\":\"https:\/\/www.hedson.com\/#website\"},\"datePublished\":\"2017-03-22T12:30:37+00:00\",\"dateModified\":\"2024-04-30T08:41:10+00:00\",\"description\":\"IRT-torkar i skensystem \u00e4r v\u00e4gg- och takinstallationer f\u00f6r prepstationer och sprutboxar med IR- och\/eller UV-A-\u00e5tkomst fr\u00e5n alla vinklar.\",\"breadcrumb\":{\"@id\":\"https:\/\/www.hedson.com\/sv\/industrial-solutions\/systemintegration\/irt-skensystem\/#breadcrumb\"},\"inLanguage\":\"sv-SE\",\"potentialAction\":[{\"@type\":\"ReadAction\",\"target\":[\"https:\/\/www.hedson.com\/sv\/industrial-solutions\/systemintegration\/irt-skensystem\/\"]}]},{\"@type\":\"BreadcrumbList\",\"@id\":\"https:\/\/www.hedson.com\/sv\/industrial-solutions\/systemintegration\/irt-skensystem\/#breadcrumb\",\"itemListElement\":[{\"@type\":\"ListItem\",\"position\":1,\"name\":\"Home\",\"item\":\"https:\/\/www.hedson.com\/sv\/\"},{\"@type\":\"ListItem\",\"position\":2,\"name\":\"Industrial Solutions\",\"item\":\"https:\/\/www.hedson.com\/sv\/industrial-solutions\/\"},{\"@type\":\"ListItem\",\"position\":3,\"name\":\"Systemintegration\",\"item\":\"https:\/\/www.hedson.com\/sv\/industrial-solutions\/systemintegration\/\"},{\"@type\":\"ListItem\",\"position\":4,\"name\":\"IRT skensystem\"}]},{\"@type\":\"WebSite\",\"@id\":\"https:\/\/www.hedson.com\/#website\",\"url\":\"https:\/\/www.hedson.com\/\",\"name\":\"Hedson\",\"description\":\"Performance above all\",\"potentialAction\":[{\"@type\":\"SearchAction\",\"target\":{\"@type\":\"EntryPoint\",\"urlTemplate\":\"https:\/\/www.hedson.com\/?s={search_term_string}\"},\"query-input\":{\"@type\":\"PropertyValueSpecification\",\"valueRequired\":true,\"valueName\":\"search_term_string\"}}],\"inLanguage\":\"sv-SE\"}]}<\/script>\n<!-- \/ Yoast SEO plugin. -->","yoast_head_json":{"title":"IRT skensystem - Hedson","description":"IRT-torkar i skensystem \u00e4r v\u00e4gg- och takinstallationer f\u00f6r prepstationer och sprutboxar med IR- och\/eller UV-A-\u00e5tkomst fr\u00e5n alla vinklar.","robots":{"index":"index","follow":"follow","max-snippet":"max-snippet:-1","max-image-preview":"max-image-preview:large","max-video-preview":"max-video-preview:-1"},"canonical":"https:\/\/www.hedson.com\/sv\/industrial-solutions\/systemintegration\/irt-skensystem\/","og_locale":"sv_SE","og_type":"article","og_title":"IRT skensystem - Hedson","og_description":"IRT-torkar i skensystem \u00e4r v\u00e4gg- och takinstallationer f\u00f6r prepstationer och sprutboxar med IR- och\/eller UV-A-\u00e5tkomst fr\u00e5n alla vinklar.","og_url":"https:\/\/www.hedson.com\/sv\/industrial-solutions\/systemintegration\/irt-skensystem\/","og_site_name":"Hedson","article_modified_time":"2024-04-30T08:41:10+00:00","twitter_card":"summary_large_image","schema":{"@context":"https:\/\/schema.org","@graph":[{"@type":"WebPage","@id":"https:\/\/www.hedson.com\/sv\/industrial-solutions\/systemintegration\/irt-skensystem\/","url":"https:\/\/www.hedson.com\/sv\/industrial-solutions\/systemintegration\/irt-skensystem\/","name":"IRT skensystem - Hedson","isPartOf":{"@id":"https:\/\/www.hedson.com\/#website"},"datePublished":"2017-03-22T12:30:37+00:00","dateModified":"2024-04-30T08:41:10+00:00","description":"IRT-torkar i skensystem \u00e4r v\u00e4gg- och takinstallationer f\u00f6r prepstationer och sprutboxar med IR- och\/eller UV-A-\u00e5tkomst fr\u00e5n alla vinklar.","breadcrumb":{"@id":"https:\/\/www.hedson.com\/sv\/industrial-solutions\/systemintegration\/irt-skensystem\/#breadcrumb"},"inLanguage":"sv-SE","potentialAction":[{"@type":"ReadAction","target":["https:\/\/www.hedson.com\/sv\/industrial-solutions\/systemintegration\/irt-skensystem\/"]}]},{"@type":"BreadcrumbList","@id":"https:\/\/www.hedson.com\/sv\/industrial-solutions\/systemintegration\/irt-skensystem\/#breadcrumb","itemListElement":[{"@type":"ListItem","position":1,"name":"Home","item":"https:\/\/www.hedson.com\/sv\/"},{"@type":"ListItem","position":2,"name":"Industrial Solutions","item":"https:\/\/www.hedson.com\/sv\/industrial-solutions\/"},{"@type":"ListItem","position":3,"name":"Systemintegration","item":"https:\/\/www.hedson.com\/sv\/industrial-solutions\/systemintegration\/"},{"@type":"ListItem","position":4,"name":"IRT skensystem"}]},{"@type":"WebSite","@id":"https:\/\/www.hedson.com\/#website","url":"https:\/\/www.hedson.com\/","name":"Hedson","description":"Performance above all","potentialAction":[{"@type":"SearchAction","target":{"@type":"EntryPoint","urlTemplate":"https:\/\/www.hedson.com\/?s={search_term_string}"},"query-input":{"@type":"PropertyValueSpecification","valueRequired":true,"valueName":"search_term_string"}}],"inLanguage":"sv-SE"}]}},"_links":{"self":[{"href":"https:\/\/www.hedson.com\/sv\/wp-json\/wp\/v2\/pages\/14587"}],"collection":[{"href":"https:\/\/www.hedson.com\/sv\/wp-json\/wp\/v2\/pages"}],"about":[{"href":"https:\/\/www.hedson.com\/sv\/wp-json\/wp\/v2\/types\/page"}],"author":[{"embeddable":true,"href":"https:\/\/www.hedson.com\/sv\/wp-json\/wp\/v2\/users\/437"}],"replies":[{"embeddable":true,"href":"https:\/\/www.hedson.com\/sv\/wp-json\/wp\/v2\/comments?post=14587"}],"version-history":[{"count":6,"href":"https:\/\/www.hedson.com\/sv\/wp-json\/wp\/v2\/pages\/14587\/revisions"}],"predecessor-version":[{"id":36120,"href":"https:\/\/www.hedson.com\/sv\/wp-json\/wp\/v2\/pages\/14587\/revisions\/36120"}],"up":[{"embeddable":true,"href":"https:\/\/www.hedson.com\/sv\/wp-json\/wp\/v2\/pages\/14573"}],"wp:attachment":[{"href":"https:\/\/www.hedson.com\/sv\/wp-json\/wp\/v2\/media?parent=14587"}],"curies":[{"name":"wp","href":"https:\/\/api.w.org\/{rel}","templated":true}]}}