{"id":9928,"date":"2017-05-29T09:47:59","date_gmt":"2017-05-29T07:47:59","guid":{"rendered":"https:\/\/www.hedson.com\/industrial-solutions\/systemintegration\/schienensysteme-fr-hochtemperatur-und-niedertemperaturtrocknung\/"},"modified":"2024-04-30T10:37:15","modified_gmt":"2024-04-30T08:37:15","slug":"irt-schienensysteme","status":"publish","type":"page","link":"https:\/\/www.hedson.com\/de\/industrieloesungen\/systemintegration\/irt-schienensysteme\/","title":{"rendered":"IRT Schienensysteme"},"content":{"rendered":"","protected":false},"excerpt":{"rendered":"","protected":false},"author":437,"featured_media":0,"parent":9905,"menu_order":0,"comment_status":"closed","ping_status":"closed","template":"","meta":{"_acf_changed":false,"footnotes":""},"class_list":["post-9928","page","type-page","status-publish","hentry"],"acf":[],"yoast_head":"<!-- This site is optimized with the Yoast SEO plugin v23.4 - https:\/\/yoast.com\/wordpress\/plugins\/seo\/ -->\n<title>IRT Schienensysteme - Hedson<\/title>\n<meta name=\"description\" content=\"IRT Schienensysteme zur Wand- und Deckenmontage f\u00fcr Vorbereitungspl\u00e4tze und Lackierkabinen. Platzsparend mit verbesserten Arbeitsabl\u00e4ufen.\" \/>\n<meta name=\"robots\" content=\"index, follow, max-snippet:-1, max-image-preview:large, max-video-preview:-1\" \/>\n<link rel=\"canonical\" href=\"https:\/\/www.hedson.com\/de\/industrieloesungen\/systemintegration\/irt-schienensysteme\/\" \/>\n<meta property=\"og:locale\" content=\"de_DE\" \/>\n<meta property=\"og:type\" content=\"article\" \/>\n<meta property=\"og:title\" content=\"IRT Schienensysteme - Hedson\" \/>\n<meta property=\"og:description\" content=\"IRT Schienensysteme zur Wand- und Deckenmontage f\u00fcr Vorbereitungspl\u00e4tze und Lackierkabinen. Platzsparend mit verbesserten Arbeitsabl\u00e4ufen.\" \/>\n<meta property=\"og:url\" content=\"https:\/\/www.hedson.com\/de\/industrieloesungen\/systemintegration\/irt-schienensysteme\/\" \/>\n<meta property=\"og:site_name\" content=\"Hedson\" \/>\n<meta property=\"article:modified_time\" content=\"2024-04-30T08:37:15+00:00\" \/>\n<meta name=\"twitter:card\" content=\"summary_large_image\" \/>\n<script type=\"application\/ld+json\" class=\"yoast-schema-graph\">{\"@context\":\"https:\/\/schema.org\",\"@graph\":[{\"@type\":\"WebPage\",\"@id\":\"https:\/\/www.hedson.com\/de\/industrieloesungen\/systemintegration\/irt-schienensysteme\/\",\"url\":\"https:\/\/www.hedson.com\/de\/industrieloesungen\/systemintegration\/irt-schienensysteme\/\",\"name\":\"IRT Schienensysteme - Hedson\",\"isPartOf\":{\"@id\":\"https:\/\/www.hedson.com\/#website\"},\"datePublished\":\"2017-05-29T07:47:59+00:00\",\"dateModified\":\"2024-04-30T08:37:15+00:00\",\"description\":\"IRT Schienensysteme zur Wand- und Deckenmontage f\u00fcr Vorbereitungspl\u00e4tze und Lackierkabinen. Platzsparend mit verbesserten Arbeitsabl\u00e4ufen.\",\"breadcrumb\":{\"@id\":\"https:\/\/www.hedson.com\/de\/industrieloesungen\/systemintegration\/irt-schienensysteme\/#breadcrumb\"},\"inLanguage\":\"de\",\"potentialAction\":[{\"@type\":\"ReadAction\",\"target\":[\"https:\/\/www.hedson.com\/de\/industrieloesungen\/systemintegration\/irt-schienensysteme\/\"]}]},{\"@type\":\"BreadcrumbList\",\"@id\":\"https:\/\/www.hedson.com\/de\/industrieloesungen\/systemintegration\/irt-schienensysteme\/#breadcrumb\",\"itemListElement\":[{\"@type\":\"ListItem\",\"position\":1,\"name\":\"Home\",\"item\":\"https:\/\/www.hedson.com\/de\/\"},{\"@type\":\"ListItem\",\"position\":2,\"name\":\"Industriel\u00f6sungen\",\"item\":\"https:\/\/www.hedson.com\/de\/industrieloesungen\/\"},{\"@type\":\"ListItem\",\"position\":3,\"name\":\"Systemintegration\",\"item\":\"https:\/\/www.hedson.com\/de\/industrieloesungen\/systemintegration\/\"},{\"@type\":\"ListItem\",\"position\":4,\"name\":\"IRT Schienensysteme\"}]},{\"@type\":\"WebSite\",\"@id\":\"https:\/\/www.hedson.com\/#website\",\"url\":\"https:\/\/www.hedson.com\/\",\"name\":\"Hedson\",\"description\":\"Performance above all\",\"potentialAction\":[{\"@type\":\"SearchAction\",\"target\":{\"@type\":\"EntryPoint\",\"urlTemplate\":\"https:\/\/www.hedson.com\/?s={search_term_string}\"},\"query-input\":{\"@type\":\"PropertyValueSpecification\",\"valueRequired\":true,\"valueName\":\"search_term_string\"}}],\"inLanguage\":\"de\"}]}<\/script>\n<!-- \/ Yoast SEO plugin. -->","yoast_head_json":{"title":"IRT Schienensysteme - Hedson","description":"IRT Schienensysteme zur Wand- und Deckenmontage f\u00fcr Vorbereitungspl\u00e4tze und Lackierkabinen. Platzsparend mit verbesserten Arbeitsabl\u00e4ufen.","robots":{"index":"index","follow":"follow","max-snippet":"max-snippet:-1","max-image-preview":"max-image-preview:large","max-video-preview":"max-video-preview:-1"},"canonical":"https:\/\/www.hedson.com\/de\/industrieloesungen\/systemintegration\/irt-schienensysteme\/","og_locale":"de_DE","og_type":"article","og_title":"IRT Schienensysteme - Hedson","og_description":"IRT Schienensysteme zur Wand- und Deckenmontage f\u00fcr Vorbereitungspl\u00e4tze und Lackierkabinen. Platzsparend mit verbesserten Arbeitsabl\u00e4ufen.","og_url":"https:\/\/www.hedson.com\/de\/industrieloesungen\/systemintegration\/irt-schienensysteme\/","og_site_name":"Hedson","article_modified_time":"2024-04-30T08:37:15+00:00","twitter_card":"summary_large_image","schema":{"@context":"https:\/\/schema.org","@graph":[{"@type":"WebPage","@id":"https:\/\/www.hedson.com\/de\/industrieloesungen\/systemintegration\/irt-schienensysteme\/","url":"https:\/\/www.hedson.com\/de\/industrieloesungen\/systemintegration\/irt-schienensysteme\/","name":"IRT Schienensysteme - Hedson","isPartOf":{"@id":"https:\/\/www.hedson.com\/#website"},"datePublished":"2017-05-29T07:47:59+00:00","dateModified":"2024-04-30T08:37:15+00:00","description":"IRT Schienensysteme zur Wand- und Deckenmontage f\u00fcr Vorbereitungspl\u00e4tze und Lackierkabinen. Platzsparend mit verbesserten Arbeitsabl\u00e4ufen.","breadcrumb":{"@id":"https:\/\/www.hedson.com\/de\/industrieloesungen\/systemintegration\/irt-schienensysteme\/#breadcrumb"},"inLanguage":"de","potentialAction":[{"@type":"ReadAction","target":["https:\/\/www.hedson.com\/de\/industrieloesungen\/systemintegration\/irt-schienensysteme\/"]}]},{"@type":"BreadcrumbList","@id":"https:\/\/www.hedson.com\/de\/industrieloesungen\/systemintegration\/irt-schienensysteme\/#breadcrumb","itemListElement":[{"@type":"ListItem","position":1,"name":"Home","item":"https:\/\/www.hedson.com\/de\/"},{"@type":"ListItem","position":2,"name":"Industriel\u00f6sungen","item":"https:\/\/www.hedson.com\/de\/industrieloesungen\/"},{"@type":"ListItem","position":3,"name":"Systemintegration","item":"https:\/\/www.hedson.com\/de\/industrieloesungen\/systemintegration\/"},{"@type":"ListItem","position":4,"name":"IRT Schienensysteme"}]},{"@type":"WebSite","@id":"https:\/\/www.hedson.com\/#website","url":"https:\/\/www.hedson.com\/","name":"Hedson","description":"Performance above all","potentialAction":[{"@type":"SearchAction","target":{"@type":"EntryPoint","urlTemplate":"https:\/\/www.hedson.com\/?s={search_term_string}"},"query-input":{"@type":"PropertyValueSpecification","valueRequired":true,"valueName":"search_term_string"}}],"inLanguage":"de"}]}},"_links":{"self":[{"href":"https:\/\/www.hedson.com\/de\/wp-json\/wp\/v2\/pages\/9928"}],"collection":[{"href":"https:\/\/www.hedson.com\/de\/wp-json\/wp\/v2\/pages"}],"about":[{"href":"https:\/\/www.hedson.com\/de\/wp-json\/wp\/v2\/types\/page"}],"author":[{"embeddable":true,"href":"https:\/\/www.hedson.com\/de\/wp-json\/wp\/v2\/users\/437"}],"replies":[{"embeddable":true,"href":"https:\/\/www.hedson.com\/de\/wp-json\/wp\/v2\/comments?post=9928"}],"version-history":[{"count":2,"href":"https:\/\/www.hedson.com\/de\/wp-json\/wp\/v2\/pages\/9928\/revisions"}],"predecessor-version":[{"id":36117,"href":"https:\/\/www.hedson.com\/de\/wp-json\/wp\/v2\/pages\/9928\/revisions\/36117"}],"up":[{"embeddable":true,"href":"https:\/\/www.hedson.com\/de\/wp-json\/wp\/v2\/pages\/9905"}],"wp:attachment":[{"href":"https:\/\/www.hedson.com\/de\/wp-json\/wp\/v2\/media?parent=9928"}],"curies":[{"name":"wp","href":"https:\/\/api.w.org\/{rel}","templated":true}]}}